{"id":1257,"date":"2022-08-11T03:15:42","date_gmt":"2022-08-11T03:15:42","guid":{"rendered":"https:\/\/weblearnbd.net\/wp\/sectox\/?page_id=1257"},"modified":"2024-01-02T12:18:29","modified_gmt":"2024-01-02T09:18:29","slug":"iletisim","status":"publish","type":"page","link":"https:\/\/rema.flexyazilim.com.tr\/index.php\/iletisim\/","title":{"rendered":"\u0130leti\u015fim"},"content":{"rendered":"\t\t<div data-elementor-type=\"wp-page\" data-elementor-id=\"1257\" class=\"elementor elementor-1257\">\n\t\t\t\t\t\t\t\t\t<section class=\"elementor-section elementor-top-section elementor-element elementor-element-819b3f8 elementor-section-boxed elementor-section-height-default elementor-section-height-default\" data-id=\"819b3f8\" data-element_type=\"section\">\n\t\t\t\t\t\t<div class=\"elementor-container elementor-column-gap-default\">\n\t\t\t\t\t<div class=\"elementor-column elementor-col-100 elementor-top-column elementor-element elementor-element-3bf8de2\" data-id=\"3bf8de2\" data-element_type=\"column\">\n\t\t\t<div class=\"elementor-widget-wrap elementor-element-populated\">\n\t\t\t\t\t\t\t\t<section class=\"elementor-section elementor-inner-section elementor-element elementor-element-c29850d elementor-section-content-middle elementor-section-boxed elementor-section-height-default elementor-section-height-default\" data-id=\"c29850d\" data-element_type=\"section\" data-settings=\"{&quot;background_background&quot;:&quot;classic&quot;}\">\n\t\t\t\t\t\t<div class=\"elementor-container elementor-column-gap-default\">\n\t\t\t\t\t<div class=\"elementor-column elementor-col-50 elementor-inner-column elementor-element elementor-element-81a612b\" data-id=\"81a612b\" data-element_type=\"column\">\n\t\t\t<div class=\"elementor-widget-wrap elementor-element-populated\">\n\t\t\t\t\t\t\t\t<div class=\"elementor-element elementor-element-aebf684 elementor-widget elementor-widget-google_maps\" data-id=\"aebf684\" data-element_type=\"widget\" data-widget_type=\"google_maps.default\">\n\t\t\t\t<div class=\"elementor-widget-container\">\n\t\t\t<style>\/*! elementor - v3.18.0 - 20-12-2023 *\/\n.elementor-widget-google_maps .elementor-widget-container{overflow:hidden}.elementor-widget-google_maps .elementor-custom-embed{line-height:0}.elementor-widget-google_maps iframe{height:300px}<\/style>\t\t<div class=\"elementor-custom-embed\">\n\t\t\t<iframe loading=\"lazy\"\n\t\t\t\t\tsrc=\"https:\/\/maps.google.com\/maps?q=Halkap%C4%B1nar%20Mah.1376%20Sokak%20NO%3A5K%20Boran%20Plaza%20%C4%B0%C5%9F%20Merkezi%20C%20blok%20Konak%20%2F%20%C4%B0zmir&#038;t=m&#038;z=14&#038;output=embed&#038;iwloc=near\"\n\t\t\t\t\ttitle=\"Halkap\u0131nar Mah.1376 Sokak NO:5K Boran Plaza \u0130\u015f Merkezi C blok Konak \/ \u0130zmir\"\n\t\t\t\t\taria-label=\"Halkap\u0131nar Mah.1376 Sokak NO:5K Boran Plaza \u0130\u015f Merkezi C blok Konak \/ \u0130zmir\"\n\t\t\t><\/iframe>\n\t\t<\/div>\n\t\t\t\t<\/div>\n\t\t\t\t<\/div>\n\t\t\t\t\t<\/div>\n\t\t<\/div>\n\t\t\t\t<div class=\"elementor-column elementor-col-50 elementor-inner-column elementor-element elementor-element-fdf24d7\" data-id=\"fdf24d7\" data-element_type=\"column\">\n\t\t\t<div class=\"elementor-widget-wrap elementor-element-populated\">\n\t\t\t\t\t\t\t\t<div class=\"elementor-element elementor-element-ac15fc9 elementor-widget elementor-widget-tp-heading\" data-id=\"ac15fc9\" data-element_type=\"widget\" data-widget_type=\"tp-heading.default\">\n\t\t\t\t<div class=\"elementor-widget-container\">\n\t\t\t\r\n            <div class=\"row text-left\">\r\n                <div class=\"col-12\">\r\n                    <div class=\"tp-section-box tp-section-box-2  p-relative\">\r\n                                                <span class=\"tp-section-subtitle right d-inline-block\">\u0130leti\u015fim<\/span>\r\n                                                <h2 class=\"tp-section-title mb-15\">\u0130leti\u015fime Ge\u00e7<\/h2>                                            <\/div>\r\n                <\/div>\r\n            <\/div>\r\n            \r\n\r\n        \r\n\r\n\t\t\t\t<\/div>\n\t\t\t\t<\/div>\n\t\t\t\t<div class=\"elementor-element elementor-element-cf7ce80 elementor-widget elementor-widget-text-editor\" data-id=\"cf7ce80\" data-element_type=\"widget\" data-widget_type=\"text-editor.default\">\n\t\t\t\t<div class=\"elementor-widget-container\">\n\t\t\t<style>\/*! elementor - v3.18.0 - 20-12-2023 *\/\n.elementor-widget-text-editor.elementor-drop-cap-view-stacked .elementor-drop-cap{background-color:#69727d;color:#fff}.elementor-widget-text-editor.elementor-drop-cap-view-framed .elementor-drop-cap{color:#69727d;border:3px solid;background-color:transparent}.elementor-widget-text-editor:not(.elementor-drop-cap-view-default) .elementor-drop-cap{margin-top:8px}.elementor-widget-text-editor:not(.elementor-drop-cap-view-default) .elementor-drop-cap-letter{width:1em;height:1em}.elementor-widget-text-editor .elementor-drop-cap{float:left;text-align:center;line-height:1;font-size:50px}.elementor-widget-text-editor .elementor-drop-cap-letter{display:inline-block}<\/style>\t\t\t\t<p>Bizimle \u0130leti\u015fime Ge\u00e7in!<\/p>\t\t\t\t\t\t<\/div>\n\t\t\t\t<\/div>\n\t\t\t\t<div class=\"elementor-element elementor-element-1c8e305 elementor-widget__width-initial elementor-widget elementor-widget-tp-contact-info\" data-id=\"1c8e305\" data-element_type=\"widget\" data-widget_type=\"tp-contact-info.default\">\n\t\t\t\t<div class=\"elementor-widget-container\">\n\t\t\t\r\n            <div class=\"tp-contact-info\">\r\n          <div class=\"container\">\r\n             <div class=\"row contact-last-child\">\r\n\r\n                                <div class=\"col-xl-12 col-lg-4 col-md-6 col-sm-12\">\r\n                   <div class=\"contact-info-item text-center mb-30\">\r\n                                                                                                                                <h5>Telefon<\/h5>\r\n                                                                        <p>+90 232 203 29 02<\/p>\r\n                                           <\/div>\r\n                <\/div>\r\n                                <div class=\"col-xl-12 col-lg-4 col-md-6 col-sm-12\">\r\n                   <div class=\"contact-info-item text-center mb-30\">\r\n                                                                                                                                <h5>E-Posta<\/h5>\r\n                                                                        <p>info@remaguvenlik.com<\/p>\r\n                                           <\/div>\r\n                <\/div>\r\n                                <div class=\"col-xl-12 col-lg-4 col-md-6 col-sm-12\">\r\n                   <div class=\"contact-info-item text-center mb-30\">\r\n                                                                                                                                <h5>Adres<\/h5>\r\n                                                                        <p>Halkap\u0131nar Mah.1376 Sokak NO:5K Boran Plaza \u0130\u015f Merkezi C blok\nKonak \/ \u0130zmir<\/p>\r\n                                           <\/div>\r\n                <\/div>\r\n                \r\n             <\/div>\r\n          <\/div>\r\n        <\/div>\r\n\r\n        \t\t<\/div>\n\t\t\t\t<\/div>\n\t\t\t\t\t<\/div>\n\t\t<\/div>\n\t\t\t\t\t\t\t<\/div>\n\t\t<\/section>\n\t\t\t\t\t<\/div>\n\t\t<\/div>\n\t\t\t\t\t\t\t<\/div>\n\t\t<\/section>\n\t\t\t\t<section class=\"elementor-section elementor-top-section elementor-element elementor-element-3faabd5 elementor-section-boxed elementor-section-height-default elementor-section-height-default\" data-id=\"3faabd5\" data-element_type=\"section\">\n\t\t\t\t\t\t<div class=\"elementor-container elementor-column-gap-no\">\n\t\t\t\t\t<div class=\"elementor-column elementor-col-100 elementor-top-column elementor-element elementor-element-0b1a778\" data-id=\"0b1a778\" data-element_type=\"column\">\n\t\t\t<div class=\"elementor-widget-wrap\">\n\t\t\t\t\t\t\t\t\t<\/div>\n\t\t<\/div>\n\t\t\t\t\t\t\t<\/div>\n\t\t<\/section>\n\t\t\t\t\t\t\t<\/div>\n\t\t","protected":false},"excerpt":{"rendered":"<p>\u0130leti\u015fim \u0130leti\u015fime Ge\u00e7 Bizimle \u0130leti\u015fime Ge\u00e7in! Telefon +90 232 203 29 02 E-Posta info@remaguvenlik.com Adres Halkap\u0131nar Mah.1376 Sokak NO:5K Boran Plaza \u0130\u015f Merkezi C blok Konak \/ \u0130zmir<\/p>\n","protected":false},"author":1,"featured_media":0,"parent":0,"menu_order":0,"comment_status":"closed","ping_status":"closed","template":"elementor_header_footer","meta":{"footnotes":""},"class_list":["post-1257","page","type-page","status-publish","hentry"],"acf":[],"_links":{"self":[{"href":"https:\/\/rema.flexyazilim.com.tr\/index.php\/wp-json\/wp\/v2\/pages\/1257","targetHints":{"allow":["GET"]}}],"collection":[{"href":"https:\/\/rema.flexyazilim.com.tr\/index.php\/wp-json\/wp\/v2\/pages"}],"about":[{"href":"https:\/\/rema.flexyazilim.com.tr\/index.php\/wp-json\/wp\/v2\/types\/page"}],"author":[{"embeddable":true,"href":"https:\/\/rema.flexyazilim.com.tr\/index.php\/wp-json\/wp\/v2\/users\/1"}],"replies":[{"embeddable":true,"href":"https:\/\/rema.flexyazilim.com.tr\/index.php\/wp-json\/wp\/v2\/comments?post=1257"}],"version-history":[{"count":7,"href":"https:\/\/rema.flexyazilim.com.tr\/index.php\/wp-json\/wp\/v2\/pages\/1257\/revisions"}],"predecessor-version":[{"id":1831,"href":"https:\/\/rema.flexyazilim.com.tr\/index.php\/wp-json\/wp\/v2\/pages\/1257\/revisions\/1831"}],"wp:attachment":[{"href":"https:\/\/rema.flexyazilim.com.tr\/index.php\/wp-json\/wp\/v2\/media?parent=1257"}],"curies":[{"name":"wp","href":"https:\/\/api.w.org\/{rel}","templated":true}]}}