{"id":934,"date":"2022-08-10T04:02:28","date_gmt":"2022-08-10T04:02:28","guid":{"rendered":"https:\/\/weblearnbd.net\/wp\/sectox\/?page_id=934"},"modified":"2024-01-02T12:09:19","modified_gmt":"2024-01-02T09:09:19","slug":"hakkimizda","status":"publish","type":"page","link":"https:\/\/rema.flexyazilim.com.tr\/index.php\/hakkimizda\/","title":{"rendered":"Hakk\u0131m\u0131zda"},"content":{"rendered":"\t\t<div data-elementor-type=\"wp-page\" data-elementor-id=\"934\" class=\"elementor elementor-934\">\n\t\t\t\t\t\t\t\t\t<section class=\"elementor-section elementor-top-section elementor-element elementor-element-40c1a20 elementor-section-full_width elementor-section-height-default elementor-section-height-default\" data-id=\"40c1a20\" data-element_type=\"section\">\n\t\t\t\t\t\t<div class=\"elementor-container elementor-column-gap-no\">\n\t\t\t\t\t<div class=\"elementor-column elementor-col-100 elementor-top-column elementor-element elementor-element-8159b92\" data-id=\"8159b92\" data-element_type=\"column\">\n\t\t\t<div class=\"elementor-widget-wrap elementor-element-populated\">\n\t\t\t\t\t\t\t\t<div class=\"elementor-element elementor-element-a40b523 elementor-widget elementor-widget-tp-about\" data-id=\"a40b523\" data-element_type=\"widget\" data-widget_type=\"tp-about.default\">\n\t\t\t\t<div class=\"elementor-widget-container\">\n\t\t\t\r\n        \r\n\r\n        <div class=\"tp-about-area\">\r\n          <div class=\"container\">\r\n             <div class=\"row\">\r\n\r\n                <div class=\"col-xl-6 col-lg-5\">\r\n                   <div class=\"ab-wrapper-4 p-relative\">\r\n\r\n                                                    <div class=\"ab-right-img\">\r\n                                <img decoding=\"async\" src=\"https:\/\/rema.flexyazilim.com.tr\/wp-content\/uploads\/2022\/08\/ab-hm-4.jpg\" alt=\"\">\r\n                            <\/div>\r\n                        \r\n                                                  <div class=\"tp-ab-left-meta\">\r\n\r\n                            \r\n                                                         <h4>30<\/h4>\r\n                            \r\n                                                         <h5>Y\u0131ll\u0131k <br> Deneyim<\/h5>\r\n                            \r\n\r\n                          <\/div>\r\n                        \r\n                   <\/div>\r\n                <\/div>\r\n\r\n                <div class=\"col-xl-6 col-lg-7\">\r\n                   <div class=\"tp-about-info-wrapper pl-50\">\r\n                      <div class=\"tp-section-box tp-section-box-2  p-relative\">\r\n\r\n                            \r\n                        <span class=\"tp-section-subtitle right d-inline-block\">\r\n                            HAKKIMIZDA                        <\/span>\r\n                        \r\n                         <h2 class=\"tp-section-title mb-15\">Rema G\u00fcvenlik <\/h2>\r\n                        \r\n                      <\/div>\r\n                      <hr class=\"mt-25 mb-30\">\r\n\r\n                      <div class=\"tp-ab-meta\">\r\n                         <div class=\"about-meta-img d-flex\">\r\n\r\n                            \r\n                            <div class=\"tp-ab-meta-text pl-30\">\r\n                                                                <h4>Rema G\u00fcvenlik Sistemleri Ltd \u015eti \u0130zmir ve \u00fclke genelinde  zay\u0131f ak\u0131m  sistemleri konusunda 15 y\u0131ll\u0131k i\u015f tecr\u00fcbesi ve yeni bir heyecan ile 2020 y\u0131l\u0131nda kurulmu\u015ftur. Y\u0131llarca biriktirilen deneyimle, ge\u00e7mi\u015ften  bug\u00fcne bir\u00e7ok kaliteli i\u015fe imza atm\u0131\u015f olman\u0131n \u00f6zg\u00fcveni ve g\u00fc\u00e7l\u00fc ad\u0131mlarla alan\u0131nda lider markalarla birlikte yola \u00e7\u0131km\u0131\u015ft\u0131r\n\nRema \" Kaliteli Hizmet, Ko\u015fulsuz Memnuniyet \" ilkesi ile projelendirme yapar ve sistem i\u00e7in gerekli en uygun donan\u0131mlar\u0131 m\u00fc\u015fterisinin hizmetine sunar. Bu do\u011frultuda sekt\u00f6r\u00fcndeki en ileri teknoloji sunan ve kalitesi ispatlanm\u0131\u015f olan \u00fcr\u00fcnleri kullanarak uzun y\u0131llar sorunsuz bir \u015fekilde \u00e7al\u0131\u015fan sistemler tesis etmektedir<\/h4>\r\n                                                                                             <\/div>\r\n\r\n                         <\/div>\r\n                      <\/div>\r\n\r\n                      <hr class=\"mt-30 mb-35\">\r\n                      <div class=\"tp-ab-4-list\">\r\n                         <div class=\"tp-about-fea-item\">\r\n                            <ul>\r\n                                                                                                            <li>                                            <i aria-hidden=\"true\" class=\"fal fa-check\"><\/i>                                                                                    Kurumsal finansal sistemi b\u00fcy\u00fct\u00fcn\n<\/li>\r\n                                                                                                                                                <li>                                            <i aria-hidden=\"true\" class=\"fal fa-check\"><\/i>                                                                                    Onayl\u0131 Sertifikalar<\/li>\r\n                                                                                                <\/ul>\r\n                         <\/div>\r\n                      <\/div>\r\n\r\n                                                    <a href=\"https:\/\/rema.flexyazilim.com.tr\/index.php\/iletisim\/\" target=\"_self\" rel=\"nofollow\" class=\"tp-btn-border\">\u015eimdi \u0130leti\u015fime Ge\u00e7!<\/i><\/a>\r\n                        \r\n                   <\/div>\r\n                <\/div>\r\n             <\/div>\r\n          <\/div>\r\n        <\/div>\r\n\r\n\t\t\r\n        \t\t<\/div>\n\t\t\t\t<\/div>\n\t\t\t\t\t<\/div>\n\t\t<\/div>\n\t\t\t\t\t\t\t<\/div>\n\t\t<\/section>\n\t\t<div class=\"elementor-element elementor-element-098f1c2 e-flex e-con-boxed e-con e-parent\" data-id=\"098f1c2\" data-element_type=\"container\" data-settings=\"{&quot;content_width&quot;:&quot;boxed&quot;}\" data-core-v316-plus=\"true\">\n\t\t\t\t\t<div class=\"e-con-inner\">\n\t\t<div class=\"elementor-element elementor-element-4b66efd e-con-full e-flex e-con e-child\" data-id=\"4b66efd\" data-element_type=\"container\" data-settings=\"{&quot;content_width&quot;:&quot;full&quot;}\">\n\t\t\t\t<div class=\"elementor-element elementor-element-1ffe0c7 elementor-widget elementor-widget-image\" data-id=\"1ffe0c7\" data-element_type=\"widget\" data-widget_type=\"image.default\">\n\t\t\t\t<div class=\"elementor-widget-container\">\n\t\t\t<style>\/*! elementor - v3.18.0 - 20-12-2023 *\/\n.elementor-widget-image{text-align:center}.elementor-widget-image a{display:inline-block}.elementor-widget-image a img[src$=\".svg\"]{width:48px}.elementor-widget-image img{vertical-align:middle;display:inline-block}<\/style>\t\t\t\t\t\t\t\t\t\t\t\t<img fetchpriority=\"high\" decoding=\"async\" width=\"640\" height=\"904\" src=\"https:\/\/rema.flexyazilim.com.tr\/wp-content\/uploads\/2024\/01\/iso9001-725x1024.jpg\" class=\"attachment-large size-large wp-image-1681\" alt=\"\" srcset=\"https:\/\/rema.flexyazilim.com.tr\/wp-content\/uploads\/2024\/01\/iso9001-725x1024.jpg 725w, https:\/\/rema.flexyazilim.com.tr\/wp-content\/uploads\/2024\/01\/iso9001-212x300.jpg 212w, https:\/\/rema.flexyazilim.com.tr\/wp-content\/uploads\/2024\/01\/iso9001-768x1085.jpg 768w, https:\/\/rema.flexyazilim.com.tr\/wp-content\/uploads\/2024\/01\/iso9001-1087x1536.jpg 1087w, https:\/\/rema.flexyazilim.com.tr\/wp-content\/uploads\/2024\/01\/iso9001-1449x2048.jpg 1449w, https:\/\/rema.flexyazilim.com.tr\/wp-content\/uploads\/2024\/01\/iso9001-scaled.jpg 1812w\" sizes=\"(max-width: 640px) 100vw, 640px\" \/>\t\t\t\t\t\t\t\t\t\t\t\t\t\t\t<\/div>\n\t\t\t\t<\/div>\n\t\t\t\t<\/div>\n\t\t<div class=\"elementor-element elementor-element-b43f4de e-con-full e-flex e-con e-child\" data-id=\"b43f4de\" data-element_type=\"container\" data-settings=\"{&quot;content_width&quot;:&quot;full&quot;}\">\n\t\t\t\t<div class=\"elementor-element elementor-element-4c83222 elementor-widget elementor-widget-image\" data-id=\"4c83222\" data-element_type=\"widget\" data-widget_type=\"image.default\">\n\t\t\t\t<div class=\"elementor-widget-container\">\n\t\t\t\t\t\t\t\t\t\t\t\t\t\t\t<img decoding=\"async\" width=\"640\" height=\"904\" src=\"https:\/\/rema.flexyazilim.com.tr\/wp-content\/uploads\/2024\/01\/iso10002-725x1024.jpg\" class=\"attachment-large size-large wp-image-1682\" alt=\"\" srcset=\"https:\/\/rema.flexyazilim.com.tr\/wp-content\/uploads\/2024\/01\/iso10002-725x1024.jpg 725w, https:\/\/rema.flexyazilim.com.tr\/wp-content\/uploads\/2024\/01\/iso10002-212x300.jpg 212w, https:\/\/rema.flexyazilim.com.tr\/wp-content\/uploads\/2024\/01\/iso10002-768x1085.jpg 768w, https:\/\/rema.flexyazilim.com.tr\/wp-content\/uploads\/2024\/01\/iso10002-1087x1536.jpg 1087w, https:\/\/rema.flexyazilim.com.tr\/wp-content\/uploads\/2024\/01\/iso10002-1449x2048.jpg 1449w, https:\/\/rema.flexyazilim.com.tr\/wp-content\/uploads\/2024\/01\/iso10002-scaled.jpg 1812w\" sizes=\"(max-width: 640px) 100vw, 640px\" \/>\t\t\t\t\t\t\t\t\t\t\t\t\t\t\t<\/div>\n\t\t\t\t<\/div>\n\t\t\t\t<\/div>\n\t\t<div class=\"elementor-element elementor-element-1da625c e-con-full e-flex e-con e-child\" data-id=\"1da625c\" data-element_type=\"container\" data-settings=\"{&quot;content_width&quot;:&quot;full&quot;}\">\n\t\t\t\t<div class=\"elementor-element elementor-element-076eeaa elementor-widget elementor-widget-image\" data-id=\"076eeaa\" data-element_type=\"widget\" data-widget_type=\"image.default\">\n\t\t\t\t<div class=\"elementor-widget-container\">\n\t\t\t\t\t\t\t\t\t\t\t\t\t\t\t<img decoding=\"async\" width=\"640\" height=\"904\" src=\"https:\/\/rema.flexyazilim.com.tr\/wp-content\/uploads\/2024\/01\/iso14001-725x1024.jpg\" class=\"attachment-large size-large wp-image-1683\" alt=\"\" srcset=\"https:\/\/rema.flexyazilim.com.tr\/wp-content\/uploads\/2024\/01\/iso14001-725x1024.jpg 725w, https:\/\/rema.flexyazilim.com.tr\/wp-content\/uploads\/2024\/01\/iso14001-212x300.jpg 212w, https:\/\/rema.flexyazilim.com.tr\/wp-content\/uploads\/2024\/01\/iso14001-768x1085.jpg 768w, https:\/\/rema.flexyazilim.com.tr\/wp-content\/uploads\/2024\/01\/iso14001-1087x1536.jpg 1087w, https:\/\/rema.flexyazilim.com.tr\/wp-content\/uploads\/2024\/01\/iso14001-1449x2048.jpg 1449w, https:\/\/rema.flexyazilim.com.tr\/wp-content\/uploads\/2024\/01\/iso14001-scaled.jpg 1812w\" sizes=\"(max-width: 640px) 100vw, 640px\" \/>\t\t\t\t\t\t\t\t\t\t\t\t\t\t\t<\/div>\n\t\t\t\t<\/div>\n\t\t\t\t<\/div>\n\t\t<div class=\"elementor-element elementor-element-706b27b e-con-full e-flex e-con e-child\" data-id=\"706b27b\" data-element_type=\"container\" data-settings=\"{&quot;content_width&quot;:&quot;full&quot;}\">\n\t\t\t\t<div class=\"elementor-element elementor-element-d4e04a2 elementor-widget elementor-widget-image\" data-id=\"d4e04a2\" data-element_type=\"widget\" data-widget_type=\"image.default\">\n\t\t\t\t<div class=\"elementor-widget-container\">\n\t\t\t\t\t\t\t\t\t\t\t\t\t\t\t<img loading=\"lazy\" decoding=\"async\" width=\"640\" height=\"904\" src=\"https:\/\/rema.flexyazilim.com.tr\/wp-content\/uploads\/2024\/01\/iso45001-725x1024.jpg\" class=\"attachment-large size-large wp-image-1684\" alt=\"\" srcset=\"https:\/\/rema.flexyazilim.com.tr\/wp-content\/uploads\/2024\/01\/iso45001-725x1024.jpg 725w, https:\/\/rema.flexyazilim.com.tr\/wp-content\/uploads\/2024\/01\/iso45001-212x300.jpg 212w, https:\/\/rema.flexyazilim.com.tr\/wp-content\/uploads\/2024\/01\/iso45001-768x1085.jpg 768w, https:\/\/rema.flexyazilim.com.tr\/wp-content\/uploads\/2024\/01\/iso45001-1087x1536.jpg 1087w, https:\/\/rema.flexyazilim.com.tr\/wp-content\/uploads\/2024\/01\/iso45001-1449x2048.jpg 1449w, https:\/\/rema.flexyazilim.com.tr\/wp-content\/uploads\/2024\/01\/iso45001-scaled.jpg 1812w\" sizes=\"(max-width: 640px) 100vw, 640px\" \/>\t\t\t\t\t\t\t\t\t\t\t\t\t\t\t<\/div>\n\t\t\t\t<\/div>\n\t\t\t\t<\/div>\n\t\t\t\t\t<\/div>\n\t\t\t\t<\/div>\n\t\t\t\t\t\t\t<\/div>\n\t\t","protected":false},"excerpt":{"rendered":"<p>30 Y\u0131ll\u0131k Deneyim HAKKIMIZDA Rema G\u00fcvenlik Rema G\u00fcvenlik Sistemleri Ltd \u015eti \u0130zmir ve \u00fclke genelinde zay\u0131f ak\u0131m sistemleri konusunda 15 y\u0131ll\u0131k i\u015f tecr\u00fcbesi ve yeni bir heyecan ile 2020 y\u0131l\u0131nda kurulmu\u015ftur. Y\u0131llarca biriktirilen deneyimle, ge\u00e7mi\u015ften bug\u00fcne bir\u00e7ok kaliteli i\u015fe imza atm\u0131\u015f olman\u0131n \u00f6zg\u00fcveni ve g\u00fc\u00e7l\u00fc ad\u0131mlarla alan\u0131nda lider markalarla birlikte yola \u00e7\u0131km\u0131\u015ft\u0131r Rema &#8221; Kaliteli [&hellip;]<\/p>\n","protected":false},"author":1,"featured_media":0,"parent":0,"menu_order":0,"comment_status":"closed","ping_status":"closed","template":"elementor_header_footer","meta":{"footnotes":""},"class_list":["post-934","page","type-page","status-publish","hentry"],"acf":[],"_links":{"self":[{"href":"https:\/\/rema.flexyazilim.com.tr\/index.php\/wp-json\/wp\/v2\/pages\/934","targetHints":{"allow":["GET"]}}],"collection":[{"href":"https:\/\/rema.flexyazilim.com.tr\/index.php\/wp-json\/wp\/v2\/pages"}],"about":[{"href":"https:\/\/rema.flexyazilim.com.tr\/index.php\/wp-json\/wp\/v2\/types\/page"}],"author":[{"embeddable":true,"href":"https:\/\/rema.flexyazilim.com.tr\/index.php\/wp-json\/wp\/v2\/users\/1"}],"replies":[{"embeddable":true,"href":"https:\/\/rema.flexyazilim.com.tr\/index.php\/wp-json\/wp\/v2\/comments?post=934"}],"version-history":[{"count":14,"href":"https:\/\/rema.flexyazilim.com.tr\/index.php\/wp-json\/wp\/v2\/pages\/934\/revisions"}],"predecessor-version":[{"id":1814,"href":"https:\/\/rema.flexyazilim.com.tr\/index.php\/wp-json\/wp\/v2\/pages\/934\/revisions\/1814"}],"wp:attachment":[{"href":"https:\/\/rema.flexyazilim.com.tr\/index.php\/wp-json\/wp\/v2\/media?parent=934"}],"curies":[{"name":"wp","href":"https:\/\/api.w.org\/{rel}","templated":true}]}}